    {"id":122,"date":"2025-07-22T14:53:55","date_gmt":"2025-07-22T14:53:55","guid":{"rendered":"https:\/\/tapflick.com\/?page_id=122"},"modified":"2026-01-09T13:39:07","modified_gmt":"2026-01-09T13:39:07","slug":"about","status":"publish","type":"page","link":"https:\/\/TapFlick.com\/es\/about\/","title":{"rendered":"Acerca de"},"content":{"rendered":"<p>En <strong>Toque Flick<\/strong>Creemos que navegar por el mundo de las aplicaciones y las herramientas digitales debe ser sencillo, informado y empoderador. Nuestra plataforma es una fuente confiable para descubrir aplicaciones m\u00f3viles, comprender las tendencias tecnol\u00f3gicas emergentes y explorar c\u00f3mo las soluciones digitales pueden mejorar la vida cotidiana.<\/p>\n\n\n\n<p>Ya sea que est\u00e9s buscando la pr\u00f3xima aplicaci\u00f3n de productividad, tengas curiosidad sobre c\u00f3mo la IA est\u00e1 cambiando nuestros dispositivos o simplemente quieras mantenerte actualizado sobre las tendencias en las tiendas de aplicaciones, <strong>Toque Flick<\/strong> Es tu compa\u00f1ero en la era digital.<\/p>\n\n\n\n<p>No somos desarrolladores. No estamos afiliados a ninguna empresa ni marca. Y no vendemos ni distribuimos aplicaciones. Nuestra funci\u00f3n es clara: <strong>informar, guiar y curar<\/strong> Contenido relacionado con la tecnolog\u00eda para que los usuarios puedan tomar decisiones inteligentes y seguras.<\/p>\n\n\n\n<h2 class=\"wp-block-heading\">Nuestra misi\u00f3n<\/h2>\n\n\n\n<p><strong>La misi\u00f3n de Tap Flick es simplificar la experiencia digital<\/strong>Nuestro objetivo es proporcionar a los lectores informaci\u00f3n confiable, actualizada e imparcial sobre el ecosistema tecnol\u00f3gico en constante evoluci\u00f3n, centr\u00e1ndonos en <strong>aplicaciones m\u00f3viles, plataformas de juegos como Roblox y herramientas digitales emergentes.<\/strong><\/p>\n\n\n\n<p>Las aplicaciones influyen en todos los aspectos de nuestra vida: desde c\u00f3mo nos comunicamos y trabajamos hasta c\u00f3mo aprendemos, compramos, nos entretenemos e incluso controlamos nuestra salud. Pero con miles de aplicaciones nuevas que se lanzan cada mes, puede ser dif\u00edcil mantenerse al d\u00eda, y a\u00fan m\u00e1s dif\u00edcil distinguir las herramientas de calidad del resto.<\/p>\n\n\n\n<p>Por eso nos centramos en tres pilares fundamentales:<\/p>\n\n\n\n<ul>\n<li><strong>Claridad<\/strong>Explicamos los conceptos digitales y las funcionalidades de las aplicaciones en un lenguaje sencillo, para que cualquiera pueda entenderlos, independientemente de sus conocimientos t\u00e9cnicos.<\/li>\n\n\n\n<li><strong>Utilidad<\/strong>Nuestras rese\u00f1as y gu\u00edas se basan en el valor pr\u00e1ctico. Destacamos herramientas que resuelven problemas reales, ahorran tiempo o mejoran la experiencia diaria.<\/li>\n\n\n\n<li><strong>Transparencia<\/strong>Nunca aceptamos publicidad pagada de desarrolladores de aplicaciones. Nuestro contenido es independiente, se basa en investigaciones y est\u00e1 basado en la editorial.<\/li>\n<\/ul>\n\n\n\n<p>Ya sea que seas un estudiante que intenta mantenerse organizado, un padre que busca aplicaciones seguras para ni\u00f1os o un entusiasta de la tecnolog\u00eda que explora las \u00faltimas innovaciones en inteligencia artificial, <strong>Tap Flick est\u00e1 dise\u00f1ado para ti.<\/strong><\/p>\n\n\n\n<h2 class=\"wp-block-heading\">Lo que encontrar\u00e1s en Tap Flick<\/h2>\n\n\n\n<p>Nuestro contenido est\u00e1 dise\u00f1ado para usuarios digitales de todos los niveles, ofreciendo orientaci\u00f3n detallada y f\u00e1cil de leer sobre una amplia gama de temas tecnol\u00f3gicos. A continuaci\u00f3n, un vistazo a lo que cubrimos:<\/p>\n\n\n\n<p><strong>\ud83d\udcf1 Recomendaciones y comparaciones de aplicaciones<\/strong><\/p>\n\n\n\n<p>Investigamos y probamos una amplia gama de aplicaciones m\u00f3viles en categor\u00edas como productividad, edici\u00f3n de fotos, aprendizaje, entretenimiento, seguridad y bienestar. Nuestras listas de aplicaciones se actualizan peri\u00f3dicamente para reflejar nuevos lanzamientos, actualizaciones y rese\u00f1as de usuarios.<\/p>\n\n\n\n<p>Destacamos <strong>caracter\u00edsticas principales<\/strong>, usabilidad, dise\u00f1o y compatibilidad (Android\/iOS).<\/p>\n\n\n\n<p>Las comparaciones se realizan en funci\u00f3n de la funcionalidad, la experiencia del usuario y el valor, no de la lealtad a la marca.<\/p>\n\n\n\n<p>Si una aplicaci\u00f3n deja de estar disponible o se elimina de las tiendas de aplicaciones, actualizamos nuestro contenido en consecuencia, pero no somos responsables de esos cambios externos.<\/p>\n\n\n\n<p>\u2699\ufe0f<strong> Gu\u00edas pr\u00e1cticas tecnol\u00f3gicas y consejos digitales<\/strong><\/p>\n\n\n\n<p>Desde la instalaci\u00f3n y administraci\u00f3n de aplicaciones hasta la comprensi\u00f3n del almacenamiento en la nube o la optimizaci\u00f3n de dispositivos, ofrecemos tutoriales detallados para ayudar a los lectores a sentirse m\u00e1s seguros con su tecnolog\u00eda.<\/p>\n\n\n\n<ul>\n<li>Las gu\u00edas incluyen capturas de pantalla e instrucciones paso a paso siempre que sea posible.<\/li>\n\n\n\n<li>Tambi\u00e9n exploramos los conceptos b\u00e1sicos de seguridad digital, con un fuerte \u00e9nfasis en <strong>controles parentales, protecci\u00f3n de datos y gesti\u00f3n de permisos de aplicaciones<\/strong> para mantener su vida digital segura.<\/li>\n\n\n\n<li>Los lectores pueden esperar art\u00edculos adaptados a todos los niveles, desde usuarios ocasionales hasta usuarios avanzados de dispositivos m\u00f3viles.<\/li>\n<\/ul>\n\n\n\n<p><strong>\ud83d\udd0d Perspectivas sobre las tendencias digitales emergentes<\/strong><\/p>\n\n\n\n<p>El mundo de las aplicaciones avanza r\u00e1pidamente. Por eso seguimos las novedades, desde la transici\u00f3n hacia... <strong>IA en el dispositivo y asistentes digitales personalizados<\/strong> a innovaciones en finanzas m\u00f3viles, herramientas de privacidad o bienestar digital.<\/p>\n\n\n\n<ul>\n<li>Desglosamos las tendencias de una manera digerible y procesable.<\/li>\n\n\n\n<li>En lugar de perseguir la publicidad, nos centramos en <strong>impacto real<\/strong>\u2014c\u00f3mo las nuevas herramientas y tecnolog\u00edas podr\u00edan afectar su vida digital cotidiana.<\/li>\n<\/ul>\n\n\n\n<p><strong>\ud83c\udfae Informaci\u00f3n sobre juegos y gu\u00edas de Roblox<\/strong><\/p>\n\n\n\n<p>Nos sumergimos profundamente en los ecosistemas de juegos populares, con un enfoque especial en <strong>Roblox<\/strong>Nuestro contenido ayuda a los jugadores y padres a comprender la mec\u00e1nica del juego, las caracter\u00edsticas de seguridad y las actualizaciones de la plataforma.<\/p>\n\n\n\n<ul>\n<li>Proporcionamos tutoriales sobre t\u00edtulos populares y consejos de optimizaci\u00f3n del rendimiento.<\/li>\n\n\n\n<li>Nos descomponemos <strong>configuraci\u00f3n de seguridad y privacidad<\/strong> para ayudar a las familias a navegar de forma segura en entornos de juegos en l\u00ednea.<\/li>\n<\/ul>\n\n\n\n<h2 class=\"wp-block-heading\">\u26a0\ufe0f Transparencia y limitaciones<\/h2>\n\n\n\n<p>Nos esforzamos por ser claros con nuestros lectores:<\/p>\n\n\n\n<ul>\n<li><strong>Tap Flick no desarrolla ni posee ninguna de las aplicaciones mencionadas.<\/strong><\/li>\n\n\n\n<li>Nosotros lo hacemos <strong>no garantizado<\/strong> Todas las aplicaciones listadas permanecer\u00e1n disponibles, funcionales o sin cambios. Los desarrolladores de aplicaciones pueden actualizar o eliminar sus productos sin previo aviso.<\/li>\n\n\n\n<li>Nuestros listados y recomendaciones son <strong>no respaldos<\/strong>, pero las opiniones editoriales se basan en informaci\u00f3n disponible p\u00fablicamente.<\/li>\n\n\n\n<li><strong>Sin soporte t\u00e9cnico:<\/strong> Tap Flick es solo un recurso informativo. No ofrecemos soporte t\u00e9cnico, asistencia para recuperar cuentas ni soluci\u00f3n de problemas con aplicaciones, juegos, hardware ni descargas de terceros.<\/li>\n<\/ul>\n\n\n\n<h2 class=\"wp-block-heading\">Nuestro enfoque<\/h2>\n\n\n\n<p>Tap Flick opera de forma independiente, con un profundo compromiso con la confianza del usuario y la creaci\u00f3n de contenido responsable.<\/p>\n\n\n\n<p>Nuestro equipo realiza una investigaci\u00f3n exhaustiva para cada art\u00edculo, utilizando pruebas directas (cuando es posible), comentarios de los usuarios y datos de aplicaciones disponibles p\u00fablicamente. Creemos en <strong>curado, no patrocinado<\/strong> contenido, lo que significa que nuestras elecciones se hacen en funci\u00f3n del valor para el lector, no de la influencia comercial.<\/p>\n\n\n\n<p>Reconocemos que el panorama digital est\u00e1 en constante cambio. Las aplicaciones se actualizan, las funciones cambian y las plataformas evolucionan. Por eso:<\/p>\n\n\n\n<ul>\n<li>Supervisar los cambios clave y actualizar el contenido cuando sea relevante.<\/li>\n\n\n\n<li>Fechar claramente nuestras publicaciones para reflejar cu\u00e1ndo se revis\u00f3 por \u00faltima vez cada gu\u00eda o recomendaci\u00f3n.<\/li>\n\n\n\n<li>Evite hacer promesas que no podamos garantizar. En nuestro sitio no encontrar\u00e1 afirmaciones exageradas ni lenguaje enga\u00f1oso.<\/li>\n<\/ul>\n\n\n\n<p>En esencia, <strong>Tap Flick trata sobre empoderamiento<\/strong>Queremos que sientas que tienes el control de tus herramientas digitales, sin que te confundan ni te enga\u00f1en. Ya sea que est\u00e9s descargando tu primera aplicaci\u00f3n de productividad o profundizando en las integraciones de hogares inteligentes, estamos aqu\u00ed para ayudarte a explorar, comprender y aprovechar al m\u00e1ximo tu experiencia tecnol\u00f3gica.<\/p>","protected":false},"excerpt":{"rendered":"<p>At Tap Flick, we believe navigating the world of apps and digital tools should be simple, informed, and empowering. Our platform serves as a reliable source for discovering mobile applications, understanding emerging tech trends, and exploring how digital solutions can improve everyday life. Whether you&#8217;re searching for the next productivity app, curious about how AI [&hellip;]<\/p>","protected":false},"author":29,"featured_media":0,"parent":0,"menu_order":0,"comment_status":"closed","ping_status":"closed","template":"","meta":{"footnotes":""},"yoast_head":"<!-- This site is optimized with the Yoast SEO plugin v23.3 - https:\/\/yoast.com\/wordpress\/plugins\/seo\/ -->\n<title>About - Tap Flick<\/title>\n<meta name=\"robots\" content=\"index, follow, max-snippet:-1, max-image-preview:large, max-video-preview:-1\" \/>\n<link rel=\"canonical\" href=\"https:\/\/tapflick.com\/about\/\" \/>\n<meta property=\"og:locale\" content=\"es_ES\" \/>\n<meta property=\"og:type\" content=\"article\" \/>\n<meta property=\"og:title\" content=\"About - Tap Flick\" \/>\n<meta property=\"og:description\" content=\"At Tap Flick, we believe navigating the world of apps and digital tools should be simple, informed, and empowering. Our platform serves as a reliable source for discovering mobile applications, understanding emerging tech trends, and exploring how digital solutions can improve everyday life. Whether you&#8217;re searching for the next productivity app, curious about how AI [&hellip;]\" \/>\n<meta property=\"og:url\" content=\"https:\/\/tapflick.com\/about\/\" \/>\n<meta property=\"og:site_name\" content=\"Tap Flick\" \/>\n<meta property=\"article:modified_time\" content=\"2026-01-09T13:39:07+00:00\" \/>\n<meta name=\"twitter:card\" content=\"summary_large_image\" \/>\n<meta name=\"twitter:label1\" content=\"Est. reading time\" \/>\n\t<meta name=\"twitter:data1\" content=\"4 minutos\" \/>\n<script type=\"application\/ld+json\" class=\"yoast-schema-graph\">{\"@context\":\"https:\/\/schema.org\",\"@graph\":[{\"@type\":\"WebPage\",\"@id\":\"https:\/\/tapflick.com\/about\/\",\"url\":\"https:\/\/tapflick.com\/about\/\",\"name\":\"About - Tap Flick\",\"isPartOf\":{\"@id\":\"https:\/\/tapflick.com\/#website\"},\"datePublished\":\"2025-07-22T14:53:55+00:00\",\"dateModified\":\"2026-01-09T13:39:07+00:00\",\"breadcrumb\":{\"@id\":\"https:\/\/tapflick.com\/about\/#breadcrumb\"},\"inLanguage\":\"es\",\"potentialAction\":[{\"@type\":\"ReadAction\",\"target\":[\"https:\/\/tapflick.com\/about\/\"]}]},{\"@type\":\"BreadcrumbList\",\"@id\":\"https:\/\/tapflick.com\/about\/#breadcrumb\",\"itemListElement\":[{\"@type\":\"ListItem\",\"position\":1,\"name\":\"Home\",\"item\":\"https:\/\/tapflick.com\/\"},{\"@type\":\"ListItem\",\"position\":2,\"name\":\"About\"}]},{\"@type\":\"WebSite\",\"@id\":\"https:\/\/tapflick.com\/#website\",\"url\":\"https:\/\/tapflick.com\/\",\"name\":\"Tap Flick\",\"description\":\"Smart Picks. Simple Tech.\",\"publisher\":{\"@id\":\"https:\/\/tapflick.com\/#organization\"},\"potentialAction\":[{\"@type\":\"SearchAction\",\"target\":{\"@type\":\"EntryPoint\",\"urlTemplate\":\"https:\/\/tapflick.com\/?s={search_term_string}\"},\"query-input\":\"required name=search_term_string\"}],\"inLanguage\":\"es\"},{\"@type\":\"Organization\",\"@id\":\"https:\/\/tapflick.com\/#organization\",\"name\":\"Tap Flick\",\"url\":\"https:\/\/tapflick.com\/\",\"logo\":{\"@type\":\"ImageObject\",\"inLanguage\":\"es\",\"@id\":\"https:\/\/tapflick.com\/#\/schema\/logo\/image\/\",\"url\":\"https:\/\/tapflick.com\/wp-content\/uploads\/sites\/463\/2025\/07\/cropped-Logo-Tal-Flick.png\",\"contentUrl\":\"https:\/\/tapflick.com\/wp-content\/uploads\/sites\/463\/2025\/07\/cropped-Logo-Tal-Flick.png\",\"width\":465,\"height\":459,\"caption\":\"Tap Flick\"},\"image\":{\"@id\":\"https:\/\/tapflick.com\/#\/schema\/logo\/image\/\"}}]}<\/script>\n<!-- \/ Yoast SEO plugin. -->","yoast_head_json":{"title":"About - Tap Flick","robots":{"index":"index","follow":"follow","max-snippet":"max-snippet:-1","max-image-preview":"max-image-preview:large","max-video-preview":"max-video-preview:-1"},"canonical":"https:\/\/tapflick.com\/about\/","og_locale":"es_ES","og_type":"article","og_title":"About - Tap Flick","og_description":"At Tap Flick, we believe navigating the world of apps and digital tools should be simple, informed, and empowering. Our platform serves as a reliable source for discovering mobile applications, understanding emerging tech trends, and exploring how digital solutions can improve everyday life. Whether you&#8217;re searching for the next productivity app, curious about how AI [&hellip;]","og_url":"https:\/\/tapflick.com\/about\/","og_site_name":"Tap Flick","article_modified_time":"2026-01-09T13:39:07+00:00","twitter_card":"summary_large_image","twitter_misc":{"Est. reading time":"4 minutos"},"schema":{"@context":"https:\/\/schema.org","@graph":[{"@type":"WebPage","@id":"https:\/\/tapflick.com\/about\/","url":"https:\/\/tapflick.com\/about\/","name":"About - Tap Flick","isPartOf":{"@id":"https:\/\/tapflick.com\/#website"},"datePublished":"2025-07-22T14:53:55+00:00","dateModified":"2026-01-09T13:39:07+00:00","breadcrumb":{"@id":"https:\/\/tapflick.com\/about\/#breadcrumb"},"inLanguage":"es","potentialAction":[{"@type":"ReadAction","target":["https:\/\/tapflick.com\/about\/"]}]},{"@type":"BreadcrumbList","@id":"https:\/\/tapflick.com\/about\/#breadcrumb","itemListElement":[{"@type":"ListItem","position":1,"name":"Home","item":"https:\/\/tapflick.com\/"},{"@type":"ListItem","position":2,"name":"About"}]},{"@type":"WebSite","@id":"https:\/\/tapflick.com\/#website","url":"https:\/\/tapflick.com\/","name":"Tap Flick","description":"Smart Picks. Simple Tech.","publisher":{"@id":"https:\/\/tapflick.com\/#organization"},"potentialAction":[{"@type":"SearchAction","target":{"@type":"EntryPoint","urlTemplate":"https:\/\/tapflick.com\/?s={search_term_string}"},"query-input":"required name=search_term_string"}],"inLanguage":"es"},{"@type":"Organization","@id":"https:\/\/tapflick.com\/#organization","name":"Tap Flick","url":"https:\/\/tapflick.com\/","logo":{"@type":"ImageObject","inLanguage":"es","@id":"https:\/\/tapflick.com\/#\/schema\/logo\/image\/","url":"https:\/\/tapflick.com\/wp-content\/uploads\/sites\/463\/2025\/07\/cropped-Logo-Tal-Flick.png","contentUrl":"https:\/\/tapflick.com\/wp-content\/uploads\/sites\/463\/2025\/07\/cropped-Logo-Tal-Flick.png","width":465,"height":459,"caption":"Tap Flick"},"image":{"@id":"https:\/\/tapflick.com\/#\/schema\/logo\/image\/"}}]}},"_links":{"self":[{"href":"https:\/\/TapFlick.com\/es\/wp-json\/wp\/v2\/pages\/122"}],"collection":[{"href":"https:\/\/TapFlick.com\/es\/wp-json\/wp\/v2\/pages"}],"about":[{"href":"https:\/\/TapFlick.com\/es\/wp-json\/wp\/v2\/types\/page"}],"author":[{"embeddable":true,"href":"https:\/\/TapFlick.com\/es\/wp-json\/wp\/v2\/users\/29"}],"replies":[{"embeddable":true,"href":"https:\/\/TapFlick.com\/es\/wp-json\/wp\/v2\/comments?post=122"}],"version-history":[{"count":4,"href":"https:\/\/TapFlick.com\/es\/wp-json\/wp\/v2\/pages\/122\/revisions"}],"predecessor-version":[{"id":283,"href":"https:\/\/TapFlick.com\/es\/wp-json\/wp\/v2\/pages\/122\/revisions\/283"}],"wp:attachment":[{"href":"https:\/\/TapFlick.com\/es\/wp-json\/wp\/v2\/media?parent=122"}],"curies":[{"name":"wp","href":"https:\/\/api.w.org\/{rel}","templated":true}]}}